{"id":11,"date":"2015-11-09T20:59:28","date_gmt":"2015-11-09T19:59:28","guid":{"rendered":"http:\/\/www.macerobotics.com\/?page_id=11"},"modified":"2025-09-22T16:52:16","modified_gmt":"2025-09-22T15:52:16","slug":"robot","status":"publish","type":"page","link":"http:\/\/www.macerobotics.com\/","title":{"rendered":"HOME"},"content":{"rendered":"<p><script>\/\/ <![CDATA[ (function(i,s,o,g,r,a,m){i['GoogleAnalyticsObject']=r;i[r]=i[r]||function(){ (i[r].q=i[r].q||[]).push(arguments)},i[r].l=1*new Date();a=s.createElement(o), m=s.getElementsByTagName(o)[0];a.async=1;a.src=g;m.parentNode.insertBefore(a,m) })(window,document,'script','https:\/\/www.google-analytics.com\/analytics.js','ga'); ga('create', 'UA-79895802-1', 'auto'); ga('send', 'pageview'); \/\/ ]]><\/script><\/p>\n<table>\n<tbody>\n<tr>\n<td>\n<h1 style=\"text-align: center;\"><strong>Conception &amp; r\u00e9paration \u00e9lectronique<br \/>\n<\/strong><\/h1>\n<p style=\"text-align: center;\">\n<h3 style=\"text-align: center;\"><strong>Vous avez un projet de carte \u00e9lectronique ?<\/strong><\/h3>\n<h3 style=\"text-align: center;\"><strong>Mace Robotics est l\u00e0 pour r\u00e9pondre \u00e0 vos besoins.<\/strong><\/h3>\n<p><a href=\"http:\/\/fr.macerobotics.com\/services\/\"><img loading=\"lazy\" decoding=\"async\" class=\"aligncenter wp-image-1603 size-medium\" src=\"http:\/\/www.macerobotics.com\/wp-content\/uploads\/2015\/11\/engen-300x264.png\" alt=\"engen\" width=\"300\" height=\"264\" srcset=\"http:\/\/www.macerobotics.com\/wp-content\/uploads\/2015\/11\/engen-300x264.png 300w, http:\/\/www.macerobotics.com\/wp-content\/uploads\/2015\/11\/engen.png 381w\" sizes=\"auto, (max-width: 300px) 100vw, 300px\" \/><\/a><\/p>\n<h3 style=\"text-align: center;\"><strong>\u00a0<\/strong><\/h3>\n<\/td>\n<td style=\"text-align: center;\"><\/td>\n<\/tr>\n<\/tbody>\n<\/table>\n<h1 style=\"text-align: center;\"><strong>Service de r\u00e9paration de carte \u00e9lectronique<br \/>\n<\/strong><\/h1>\n<h3 style=\"text-align: center;\"><big><strong><em>Refusez l\u2019obsolescence programm\u00e9e !<\/em><\/strong><\/big><\/h3>\n<h2><a href=\"http:\/\/fr.macerobotics.com\/wp-content\/uploads\/sites\/4\/2021\/01\/outil-de-reparation.png\"><img loading=\"lazy\" decoding=\"async\" class=\"wp-image-3234 aligncenter\" src=\"http:\/\/fr.macerobotics.com\/wp-content\/uploads\/sites\/4\/2021\/01\/outil-de-reparation.png\" alt=\"\" width=\"220\" height=\"220\" \/><\/a><\/h2>\n","protected":false},"excerpt":{"rendered":"<p>Conception &amp; r\u00e9paration \u00e9lectronique Vous avez un projet de carte \u00e9lectronique ? Mace Robotics est l\u00e0 pour r\u00e9pondre \u00e0 vos besoins. \u00a0 Service de r\u00e9paration de carte \u00e9lectronique Refusez l\u2019obsolescence programm\u00e9e !<\/p>\n","protected":false},"author":1,"featured_media":0,"parent":0,"menu_order":0,"comment_status":"closed","ping_status":"closed","template":"","meta":{"footnotes":""},"class_list":["post-11","page","type-page","status-publish","hentry"],"_links":{"self":[{"href":"http:\/\/www.macerobotics.com\/index.php?rest_route=\/wp\/v2\/pages\/11","targetHints":{"allow":["GET"]}}],"collection":[{"href":"http:\/\/www.macerobotics.com\/index.php?rest_route=\/wp\/v2\/pages"}],"about":[{"href":"http:\/\/www.macerobotics.com\/index.php?rest_route=\/wp\/v2\/types\/page"}],"author":[{"embeddable":true,"href":"http:\/\/www.macerobotics.com\/index.php?rest_route=\/wp\/v2\/users\/1"}],"replies":[{"embeddable":true,"href":"http:\/\/www.macerobotics.com\/index.php?rest_route=%2Fwp%2Fv2%2Fcomments&post=11"}],"version-history":[{"count":213,"href":"http:\/\/www.macerobotics.com\/index.php?rest_route=\/wp\/v2\/pages\/11\/revisions"}],"predecessor-version":[{"id":3440,"href":"http:\/\/www.macerobotics.com\/index.php?rest_route=\/wp\/v2\/pages\/11\/revisions\/3440"}],"wp:attachment":[{"href":"http:\/\/www.macerobotics.com\/index.php?rest_route=%2Fwp%2Fv2%2Fmedia&parent=11"}],"curies":[{"name":"wp","href":"https:\/\/api.w.org\/{rel}","templated":true}]}}